{"id":2327,"date":"2025-05-15T11:42:26","date_gmt":"2025-05-15T09:42:26","guid":{"rendered":"https:\/\/hamburg-open.com\/?page_id=2327"},"modified":"2025-05-15T14:31:19","modified_gmt":"2025-05-15T12:31:19","slug":"ticket-angebote","status":"publish","type":"page","link":"https:\/\/hamburg-open.com\/en\/ticket-angebote\/","title":{"rendered":"Ticket offers"},"content":{"rendered":"<div data-elementor-type=\"wp-page\" data-elementor-id=\"2327\" class=\"elementor elementor-2327\" data-elementor-post-type=\"page\">\n\t\t\t\t<div class=\"elementor-element elementor-element-dff6726 e-flex e-con-boxed e-con e-parent\" data-id=\"dff6726\" data-element_type=\"container\">\n\t\t\t\t\t<div class=\"e-con-inner\">\n\t\t\t\t<div class=\"elementor-element elementor-element-d4ab3bb elementor-invisible elementor-widget elementor-widget-heading\" data-id=\"d4ab3bb\" data-element_type=\"widget\" data-settings=\"{&quot;_animation&quot;:&quot;fadeInUp&quot;}\" data-widget_type=\"heading.default\">\n\t\t\t\t<div class=\"elementor-widget-container\">\n\t\t\t\t\t<h2 class=\"elementor-heading-title elementor-size-default\">OFFERS FOR FAMILIES<\/h2>\t\t\t\t<\/div>\n\t\t\t\t<\/div>\n\t\t<div class=\"elementor-element elementor-element-59d7a65 e-con-full e-flex e-con e-child\" data-id=\"59d7a65\" data-element_type=\"container\">\n\t\t\t\t<div class=\"elementor-element elementor-element-4a704c9 elementor-widget elementor-widget-text-editor\" data-id=\"4a704c9\" data-element_type=\"widget\" data-widget_type=\"text-editor.default\">\n\t\t\t\t<div class=\"elementor-widget-container\">\n\t\t\t\t\t\t\t\t\t<p>Advance ticket sales for the MSC Hamburg Ladies Open have already started and offer world-class tennis for the whole family at fair prices.<\/p><p>Tickets are available via the online shop or the ticket hotline <a href=\"tel:+49 1806 99 11 75\">+49 1806 99 11 75<\/a> to acquire.<\/p><p>All offers can be booked in the ticket shop.\u00a0<\/p>\t\t\t\t\t\t\t\t<\/div>\n\t\t\t\t<\/div>\n\t\t\t\t<\/div>\n\t\t\t\t\t<\/div>\n\t\t\t\t<\/div>\n\t\t<div class=\"elementor-element elementor-element-f6c21c5 e-flex e-con-boxed e-con e-parent\" data-id=\"f6c21c5\" data-element_type=\"container\">\n\t\t\t\t\t<div class=\"e-con-inner\">\n\t\t<div class=\"elementor-element elementor-element-587540f e-grid e-con-full e-con e-child\" data-id=\"587540f\" data-element_type=\"container\">\n\t\t<div class=\"elementor-element elementor-element-27e6168 e-con-full e-flex elementor-invisible e-con e-child\" data-id=\"27e6168\" data-element_type=\"container\" data-settings=\"{&quot;animation&quot;:&quot;fadeInUp&quot;,&quot;animation_delay&quot;:100,&quot;background_background&quot;:&quot;slideshow&quot;,&quot;background_slideshow_gallery&quot;:[],&quot;background_slideshow_loop&quot;:&quot;yes&quot;,&quot;background_slideshow_slide_duration&quot;:5000,&quot;background_slideshow_slide_transition&quot;:&quot;fade&quot;,&quot;background_slideshow_transition_duration&quot;:500}\">\n\t\t<div class=\"elementor-element elementor-element-be51b36 e-con-full e-flex e-con e-child\" data-id=\"be51b36\" data-element_type=\"container\">\n\t\t\t\t<div class=\"elementor-element elementor-element-d79d9fd elementor-widget elementor-widget-heading\" data-id=\"d79d9fd\" data-element_type=\"widget\" data-widget_type=\"heading.default\">\n\t\t\t\t<div class=\"elementor-widget-container\">\n\t\t\t\t\t<h1 class=\"elementor-heading-title elementor-size-default\">Final Sunday, 20.07.2025\n<br>Family Day<\/h1>\t\t\t\t<\/div>\n\t\t\t\t<\/div>\n\t\t\t\t<div class=\"elementor-element elementor-element-336b5f0 elementor-widget elementor-widget-heading\" data-id=\"336b5f0\" data-element_type=\"widget\" data-widget_type=\"heading.default\">\n\t\t\t\t<div class=\"elementor-widget-container\">\n\t\t\t\t\t<span class=\"elementor-heading-title elementor-size-default\">Free admission for <br> Children up to 15 years\n<\/span>\t\t\t\t<\/div>\n\t\t\t\t<\/div>\n\t\t\t\t<\/div>\n\t\t<div class=\"elementor-element elementor-element-1e69de9 e-con-full e-flex e-con e-child\" data-id=\"1e69de9\" data-element_type=\"container\">\n\t\t\t\t<div class=\"elementor-element elementor-element-715aca0 elementor-align-center elementor-widget elementor-widget-button\" data-id=\"715aca0\" data-element_type=\"widget\" data-widget_type=\"button.default\">\n\t\t\t\t<div class=\"elementor-widget-container\">\n\t\t\t\t\t\t\t\t\t<div class=\"elementor-button-wrapper\">\n\t\t\t\t\t<a class=\"elementor-button elementor-button-link elementor-size-sm\" href=\"https:\/\/www.ticket-onlineshop.com\/ols\/hamburg-open\/de\/tageskarten\/channel\/shop\/areaplan\/venue\/event\/603444\">\n\t\t\t\t\t\t<span class=\"elementor-button-content-wrapper\">\n\t\t\t\t\t\t\t\t\t<span class=\"elementor-button-text\">Book now <\/span>\n\t\t\t\t\t<\/span>\n\t\t\t\t\t<\/a>\n\t\t\t\t<\/div>\n\t\t\t\t\t\t\t\t<\/div>\n\t\t\t\t<\/div>\n\t\t\t\t<\/div>\n\t\t\t\t<\/div>\n\t\t<div class=\"elementor-element elementor-element-f959666 e-con-full e-flex elementor-invisible e-con e-child\" data-id=\"f959666\" data-element_type=\"container\" data-settings=\"{&quot;animation&quot;:&quot;fadeInUp&quot;,&quot;animation_delay&quot;:100}\">\n\t\t<div class=\"elementor-element elementor-element-e7ebfb9 e-con-full e-flex e-con e-child\" data-id=\"e7ebfb9\" data-element_type=\"container\">\n\t\t\t\t<div class=\"elementor-element elementor-element-9c88d7c elementor-widget elementor-widget-heading\" data-id=\"9c88d7c\" data-element_type=\"widget\" data-widget_type=\"heading.default\">\n\t\t\t\t<div class=\"elementor-widget-container\">\n\t\t\t\t\t<h2 class=\"elementor-heading-title elementor-size-default\">Daily <br> Discount<\/h2>\t\t\t\t<\/div>\n\t\t\t\t<\/div>\n\t\t\t\t<div class=\"elementor-element elementor-element-c5e04ec elementor-widget elementor-widget-heading\" data-id=\"c5e04ec\" data-element_type=\"widget\" data-widget_type=\"heading.default\">\n\t\t\t\t<div class=\"elementor-widget-container\">\n\t\t\t\t\t<span class=\"elementor-heading-title elementor-size-default\">Free admission for <br> Children up to 5 years\n<\/span>\t\t\t\t<\/div>\n\t\t\t\t<\/div>\n\t\t\t\t<\/div>\n\t\t<div class=\"elementor-element elementor-element-ab2ab03 e-con-full e-flex e-con e-child\" data-id=\"ab2ab03\" data-element_type=\"container\">\n\t\t\t\t<div class=\"elementor-element elementor-element-7024114 elementor-align-center elementor-widget elementor-widget-button\" data-id=\"7024114\" data-element_type=\"widget\" data-widget_type=\"button.default\">\n\t\t\t\t<div class=\"elementor-widget-container\">\n\t\t\t\t\t\t\t\t\t<div class=\"elementor-button-wrapper\">\n\t\t\t\t\t<a class=\"elementor-button elementor-button-link elementor-size-sm\" href=\"https:\/\/www.ticket-onlineshop.com\/ols\/hamburg-open\/de\/tageskarten\/channel\/shop\/index\">\n\t\t\t\t\t\t<span class=\"elementor-button-content-wrapper\">\n\t\t\t\t\t\t\t\t\t<span class=\"elementor-button-text\">BOOK NOW<\/span>\n\t\t\t\t\t<\/span>\n\t\t\t\t\t<\/a>\n\t\t\t\t<\/div>\n\t\t\t\t\t\t\t\t<\/div>\n\t\t\t\t<\/div>\n\t\t\t\t<\/div>\n\t\t\t\t<\/div>\n\t\t<div class=\"elementor-element elementor-element-dbdbdb3 e-con-full e-flex elementor-invisible e-con e-child\" data-id=\"dbdbdb3\" data-element_type=\"container\" data-settings=\"{&quot;animation&quot;:&quot;fadeInUp&quot;,&quot;animation_delay&quot;:100}\">\n\t\t<div class=\"elementor-element elementor-element-77ee1bd e-con-full e-flex e-con e-child\" data-id=\"77ee1bd\" data-element_type=\"container\">\n\t\t<div class=\"elementor-element elementor-element-5dae708 e-con-full e-flex e-con e-child\" data-id=\"5dae708\" data-element_type=\"container\">\n\t\t\t\t<div class=\"elementor-element elementor-element-65ae58b elementor-widget elementor-widget-heading\" data-id=\"65ae58b\" data-element_type=\"widget\" data-widget_type=\"heading.default\">\n\t\t\t\t<div class=\"elementor-widget-container\">\n\t\t\t\t\t<h2 class=\"elementor-heading-title elementor-size-default\">13.07.2025 - <br> 19.07.2025<\/h2>\t\t\t\t<\/div>\n\t\t\t\t<\/div>\n\t\t\t\t<div class=\"elementor-element elementor-element-3fefafc elementor-widget elementor-widget-heading\" data-id=\"3fefafc\" data-element_type=\"widget\" data-widget_type=\"heading.default\">\n\t\t\t\t<div class=\"elementor-widget-container\">\n\t\t\t\t\t<span class=\"elementor-heading-title elementor-size-default\">Children 6-12 years <br> 10 \u20ac ticket (Cat. 1-2)\n<\/span>\t\t\t\t<\/div>\n\t\t\t\t<\/div>\n\t\t\t\t<\/div>\n\t\t\t\t<\/div>\n\t\t<div class=\"elementor-element elementor-element-1d6f7bd e-con-full e-flex e-con e-child\" data-id=\"1d6f7bd\" data-element_type=\"container\">\n\t\t\t\t<div class=\"elementor-element elementor-element-38a1584 elementor-align-center elementor-widget elementor-widget-button\" data-id=\"38a1584\" data-element_type=\"widget\" data-widget_type=\"button.default\">\n\t\t\t\t<div class=\"elementor-widget-container\">\n\t\t\t\t\t\t\t\t\t<div class=\"elementor-button-wrapper\">\n\t\t\t\t\t<a class=\"elementor-button elementor-button-link elementor-size-sm\" href=\"https:\/\/www.ticket-onlineshop.com\/ols\/hamburg-open\/de\/tageskarten\/channel\/shop\/index\">\n\t\t\t\t\t\t<span class=\"elementor-button-content-wrapper\">\n\t\t\t\t\t\t\t\t\t<span class=\"elementor-button-text\">BOOK NOW<\/span>\n\t\t\t\t\t<\/span>\n\t\t\t\t\t<\/a>\n\t\t\t\t<\/div>\n\t\t\t\t\t\t\t\t<\/div>\n\t\t\t\t<\/div>\n\t\t\t\t<\/div>\n\t\t\t\t<\/div>\n\t\t<div class=\"elementor-element elementor-element-0bdead3 e-con-full e-flex elementor-invisible e-con e-child\" data-id=\"0bdead3\" data-element_type=\"container\" data-settings=\"{&quot;animation&quot;:&quot;fadeInUp&quot;,&quot;animation_delay&quot;:100}\">\n\t\t<div class=\"elementor-element elementor-element-cef47d2 e-con-full e-flex e-con e-child\" data-id=\"cef47d2\" data-element_type=\"container\">\n\t\t<div class=\"elementor-element elementor-element-ff73734 e-con-full e-flex e-con e-child\" data-id=\"ff73734\" data-element_type=\"container\">\n\t\t\t\t<div class=\"elementor-element elementor-element-c6b460c elementor-widget elementor-widget-heading\" data-id=\"c6b460c\" data-element_type=\"widget\" data-widget_type=\"heading.default\">\n\t\t\t\t<div class=\"elementor-widget-container\">\n\t\t\t\t\t<h2 class=\"elementor-heading-title elementor-size-default\">Daily <br> Discount<\/h2>\t\t\t\t<\/div>\n\t\t\t\t<\/div>\n\t\t\t\t<div class=\"elementor-element elementor-element-7b17e01 elementor-widget elementor-widget-heading\" data-id=\"7b17e01\" data-element_type=\"widget\" data-widget_type=\"heading.default\">\n\t\t\t\t<div class=\"elementor-widget-container\">\n\t\t\t\t\t<span class=\"elementor-heading-title elementor-size-default\">Pupils &amp; students\n(13 to 26 years) <br> 25 % discount\n<\/span>\t\t\t\t<\/div>\n\t\t\t\t<\/div>\n\t\t\t\t<\/div>\n\t\t\t\t<\/div>\n\t\t<div class=\"elementor-element elementor-element-c5f7607 e-con-full e-flex e-con e-child\" data-id=\"c5f7607\" data-element_type=\"container\">\n\t\t\t\t<div class=\"elementor-element elementor-element-59c4195 elementor-align-center elementor-widget elementor-widget-button\" data-id=\"59c4195\" data-element_type=\"widget\" data-widget_type=\"button.default\">\n\t\t\t\t<div class=\"elementor-widget-container\">\n\t\t\t\t\t\t\t\t\t<div class=\"elementor-button-wrapper\">\n\t\t\t\t\t<a class=\"elementor-button elementor-button-link elementor-size-sm\" href=\"https:\/\/hamburg-open.com\/en\/ballkinder-gesucht\/\">\n\t\t\t\t\t\t<span class=\"elementor-button-content-wrapper\">\n\t\t\t\t\t\t\t\t\t<span class=\"elementor-button-text\">Learn more <\/span>\n\t\t\t\t\t<\/span>\n\t\t\t\t\t<\/a>\n\t\t\t\t<\/div>\n\t\t\t\t\t\t\t\t<\/div>\n\t\t\t\t<\/div>\n\t\t\t\t<\/div>\n\t\t\t\t<\/div>\n\t\t\t\t<\/div>\n\t\t<div class=\"elementor-element elementor-element-27044d5 e-con-full e-flex e-con e-child\" data-id=\"27044d5\" data-element_type=\"container\">\n\t\t<div class=\"elementor-element elementor-element-dc1d30e e-grid e-con-full e-con e-child\" data-id=\"dc1d30e\" data-element_type=\"container\">\n\t\t\t\t<div class=\"elementor-element elementor-element-382a291 elementor-widget elementor-widget-image\" data-id=\"382a291\" data-element_type=\"widget\" data-widget_type=\"image.default\">\n\t\t\t\t<div class=\"elementor-widget-container\">\n\t\t\t\t\t\t\t\t\t\t\t\t\t\t\t<img fetchpriority=\"high\" decoding=\"async\" width=\"1500\" height=\"1000\" src=\"https:\/\/hamburg-open.com\/wp-content\/uploads\/2025\/05\/ASC_0522-copy.jpg\" class=\"attachment-large size-large wp-image-2348\" alt=\"\" srcset=\"https:\/\/hamburg-open.com\/wp-content\/uploads\/2025\/05\/ASC_0522-copy.jpg 1500w, https:\/\/hamburg-open.com\/wp-content\/uploads\/2025\/05\/ASC_0522-copy-768x512.jpg 768w, https:\/\/hamburg-open.com\/wp-content\/uploads\/2025\/05\/ASC_0522-copy-18x12.jpg 18w\" sizes=\"(max-width: 1500px) 100vw, 1500px\" \/>\t\t\t\t\t\t\t\t\t\t\t\t\t\t\t<\/div>\n\t\t\t\t<\/div>\n\t\t\t\t<div class=\"elementor-element elementor-element-ca56d08 elementor-widget elementor-widget-image\" data-id=\"ca56d08\" data-element_type=\"widget\" data-widget_type=\"image.default\">\n\t\t\t\t<div class=\"elementor-widget-container\">\n\t\t\t\t\t\t\t\t\t\t\t\t\t\t\t<img decoding=\"async\" width=\"1500\" height=\"993\" src=\"https:\/\/hamburg-open.com\/wp-content\/uploads\/2025\/05\/20240810_14480524-copy.jpg\" class=\"attachment-large size-large wp-image-2332\" alt=\"\" srcset=\"https:\/\/hamburg-open.com\/wp-content\/uploads\/2025\/05\/20240810_14480524-copy.jpg 1500w, https:\/\/hamburg-open.com\/wp-content\/uploads\/2025\/05\/20240810_14480524-copy-768x508.jpg 768w, https:\/\/hamburg-open.com\/wp-content\/uploads\/2025\/05\/20240810_14480524-copy-18x12.jpg 18w\" sizes=\"(max-width: 1500px) 100vw, 1500px\" \/>\t\t\t\t\t\t\t\t\t\t\t\t\t\t\t<\/div>\n\t\t\t\t<\/div>\n\t\t\t\t<\/div>\n\t\t\t\t<\/div>\n\t\t\t\t\t<\/div>\n\t\t\t\t<\/div>\n\t\t\t\t<\/div>","protected":false},"excerpt":{"rendered":"<p>OFFERS FOR FAMILIES Advance ticket sales for the MSC Hamburg Ladies Open have already started and offer world-class tennis for the whole family at fair prices. Tickets can be purchased via the online shop or the ticket hotline +49 1806 99 11 75. All offers can be booked in the ticket shop.  Final Sunday, 20.07.2025 Family Day free admission for children up to 15 [...]<\/p>","protected":false},"author":4,"featured_media":0,"parent":0,"menu_order":0,"comment_status":"closed","ping_status":"closed","template":"elementor_header_footer","meta":{"footnotes":""},"class_list":["post-2327","page","type-page","status-publish","hentry"],"yoast_head":"<!-- This site is optimized with the Yoast SEO plugin v26.4 - https:\/\/yoast.com\/wordpress\/plugins\/seo\/ -->\n<title>Ticket-Angebote - MSC Hamburg Ladies Open WTA250<\/title>\n<meta name=\"robots\" content=\"index, follow, max-snippet:-1, max-image-preview:large, max-video-preview:-1\" \/>\n<link rel=\"canonical\" href=\"https:\/\/hamburg-open.com\/en\/ticket-angebote\/\" \/>\n<meta property=\"og:locale\" content=\"en_GB\" \/>\n<meta property=\"og:type\" content=\"article\" \/>\n<meta property=\"og:title\" content=\"Ticket-Angebote - MSC Hamburg Ladies Open WTA250\" \/>\n<meta property=\"og:description\" content=\"ANGEBOTE F\u00dcR FAMILIEN Der Ticketvorverkauf f\u00fcr die MSC Hamburg Ladies Open ist bereits gestartet und bietet Weltklassetennis f\u00fcr die ganze Familie zu fairen Preisen. Tickets sind \u00fcber den Onlineshop oder die Ticket-Hotline +49 1806 99 11 75 zu erwerben. Alle Angebote sind im Ticketshop buchbar.\u00a0 Finalsonntag, 20.07.2025 Family Day freier Eintritt f\u00fcr Kinder bis 15 [&hellip;]\" \/>\n<meta property=\"og:url\" content=\"https:\/\/hamburg-open.com\/en\/ticket-angebote\/\" \/>\n<meta property=\"og:site_name\" content=\"MSC Hamburg Ladies Open WTA250\" \/>\n<meta property=\"article:publisher\" content=\"https:\/\/www.facebook.com\/HamburgOpen\/\" \/>\n<meta property=\"article:modified_time\" content=\"2025-05-15T12:31:19+00:00\" \/>\n<meta property=\"og:image\" content=\"https:\/\/hamburg-open.com\/wp-content\/uploads\/2025\/05\/ASC_0522-copy.jpg\" \/>\n<meta name=\"twitter:card\" content=\"summary_large_image\" \/>\n<meta name=\"twitter:site\" content=\"@hamburgopen\" \/>\n<meta name=\"twitter:label1\" content=\"Estimated reading time\" \/>\n\t<meta name=\"twitter:data1\" content=\"1 minute\" \/>\n<script type=\"application\/ld+json\" class=\"yoast-schema-graph\">{\"@context\":\"https:\/\/schema.org\",\"@graph\":[{\"@type\":\"WebPage\",\"@id\":\"https:\/\/hamburg-open.com\/ticket-angebote\/\",\"url\":\"https:\/\/hamburg-open.com\/ticket-angebote\/\",\"name\":\"Ticket-Angebote - MSC Hamburg Ladies Open WTA250\",\"isPartOf\":{\"@id\":\"https:\/\/hamburg-open.com\/#website\"},\"primaryImageOfPage\":{\"@id\":\"https:\/\/hamburg-open.com\/ticket-angebote\/#primaryimage\"},\"image\":{\"@id\":\"https:\/\/hamburg-open.com\/ticket-angebote\/#primaryimage\"},\"thumbnailUrl\":\"https:\/\/hamburg-open.com\/wp-content\/uploads\/2025\/05\/ASC_0522-copy.jpg\",\"datePublished\":\"2025-05-15T09:42:26+00:00\",\"dateModified\":\"2025-05-15T12:31:19+00:00\",\"breadcrumb\":{\"@id\":\"https:\/\/hamburg-open.com\/ticket-angebote\/#breadcrumb\"},\"inLanguage\":\"en-GB\",\"potentialAction\":[{\"@type\":\"ReadAction\",\"target\":[\"https:\/\/hamburg-open.com\/ticket-angebote\/\"]}]},{\"@type\":\"ImageObject\",\"inLanguage\":\"en-GB\",\"@id\":\"https:\/\/hamburg-open.com\/ticket-angebote\/#primaryimage\",\"url\":\"https:\/\/hamburg-open.com\/wp-content\/uploads\/2025\/05\/ASC_0522-copy.jpg\",\"contentUrl\":\"https:\/\/hamburg-open.com\/wp-content\/uploads\/2025\/05\/ASC_0522-copy.jpg\"},{\"@type\":\"BreadcrumbList\",\"@id\":\"https:\/\/hamburg-open.com\/ticket-angebote\/#breadcrumb\",\"itemListElement\":[{\"@type\":\"ListItem\",\"position\":1,\"name\":\"Startseite\",\"item\":\"https:\/\/hamburg-open.com\/\"},{\"@type\":\"ListItem\",\"position\":2,\"name\":\"Ticket-Angebote\"}]},{\"@type\":\"WebSite\",\"@id\":\"https:\/\/hamburg-open.com\/#website\",\"url\":\"https:\/\/hamburg-open.com\/\",\"name\":\"MSC Hamburg Ladies Open WTA250\",\"description\":\"MSC Explora Journeys\",\"publisher\":{\"@id\":\"https:\/\/hamburg-open.com\/#organization\"},\"potentialAction\":[{\"@type\":\"SearchAction\",\"target\":{\"@type\":\"EntryPoint\",\"urlTemplate\":\"https:\/\/hamburg-open.com\/?s={search_term_string}\"},\"query-input\":{\"@type\":\"PropertyValueSpecification\",\"valueRequired\":true,\"valueName\":\"search_term_string\"}}],\"inLanguage\":\"en-GB\"},{\"@type\":\"Organization\",\"@id\":\"https:\/\/hamburg-open.com\/#organization\",\"name\":\"MSC Hamburg Ladies Open WTA250\",\"url\":\"https:\/\/hamburg-open.com\/\",\"logo\":{\"@type\":\"ImageObject\",\"inLanguage\":\"en-GB\",\"@id\":\"https:\/\/hamburg-open.com\/#\/schema\/logo\/image\/\",\"url\":\"https:\/\/hamburg-open.com\/wp-content\/uploads\/2025\/03\/MSC-Hamburg-Ladies-Open.svg\",\"contentUrl\":\"https:\/\/hamburg-open.com\/wp-content\/uploads\/2025\/03\/MSC-Hamburg-Ladies-Open.svg\",\"width\":390,\"height\":170,\"caption\":\"MSC Hamburg Ladies Open WTA250\"},\"image\":{\"@id\":\"https:\/\/hamburg-open.com\/#\/schema\/logo\/image\/\"},\"sameAs\":[\"https:\/\/www.facebook.com\/HamburgOpen\/\",\"https:\/\/x.com\/hamburgopen\",\"https:\/\/www.instagram.com\/hamburgopen\/\",\"https:\/\/www.youtube.com\/channel\/UC4rv1XVrR_TE7A8uMdGDxFQ\",\"https:\/\/www.linkedin.com\/showcase\/hamburg-european-open\"]}]}<\/script>\n<!-- \/ Yoast SEO plugin. -->","yoast_head_json":{"title":"Ticket-Angebote - MSC Hamburg Ladies Open WTA250","robots":{"index":"index","follow":"follow","max-snippet":"max-snippet:-1","max-image-preview":"max-image-preview:large","max-video-preview":"max-video-preview:-1"},"canonical":"https:\/\/hamburg-open.com\/en\/ticket-angebote\/","og_locale":"en_GB","og_type":"article","og_title":"Ticket-Angebote - MSC Hamburg Ladies Open WTA250","og_description":"ANGEBOTE F\u00dcR FAMILIEN Der Ticketvorverkauf f\u00fcr die MSC Hamburg Ladies Open ist bereits gestartet und bietet Weltklassetennis f\u00fcr die ganze Familie zu fairen Preisen. Tickets sind \u00fcber den Onlineshop oder die Ticket-Hotline +49 1806 99 11 75 zu erwerben. Alle Angebote sind im Ticketshop buchbar.\u00a0 Finalsonntag, 20.07.2025 Family Day freier Eintritt f\u00fcr Kinder bis 15 [&hellip;]","og_url":"https:\/\/hamburg-open.com\/en\/ticket-angebote\/","og_site_name":"MSC Hamburg Ladies Open WTA250","article_publisher":"https:\/\/www.facebook.com\/HamburgOpen\/","article_modified_time":"2025-05-15T12:31:19+00:00","og_image":[{"url":"https:\/\/hamburg-open.com\/wp-content\/uploads\/2025\/05\/ASC_0522-copy.jpg","type":"","width":"","height":""}],"twitter_card":"summary_large_image","twitter_site":"@hamburgopen","twitter_misc":{"Estimated reading time":"1 minute"},"schema":{"@context":"https:\/\/schema.org","@graph":[{"@type":"WebPage","@id":"https:\/\/hamburg-open.com\/ticket-angebote\/","url":"https:\/\/hamburg-open.com\/ticket-angebote\/","name":"Ticket-Angebote - MSC Hamburg Ladies Open WTA250","isPartOf":{"@id":"https:\/\/hamburg-open.com\/#website"},"primaryImageOfPage":{"@id":"https:\/\/hamburg-open.com\/ticket-angebote\/#primaryimage"},"image":{"@id":"https:\/\/hamburg-open.com\/ticket-angebote\/#primaryimage"},"thumbnailUrl":"https:\/\/hamburg-open.com\/wp-content\/uploads\/2025\/05\/ASC_0522-copy.jpg","datePublished":"2025-05-15T09:42:26+00:00","dateModified":"2025-05-15T12:31:19+00:00","breadcrumb":{"@id":"https:\/\/hamburg-open.com\/ticket-angebote\/#breadcrumb"},"inLanguage":"en-GB","potentialAction":[{"@type":"ReadAction","target":["https:\/\/hamburg-open.com\/ticket-angebote\/"]}]},{"@type":"ImageObject","inLanguage":"en-GB","@id":"https:\/\/hamburg-open.com\/ticket-angebote\/#primaryimage","url":"https:\/\/hamburg-open.com\/wp-content\/uploads\/2025\/05\/ASC_0522-copy.jpg","contentUrl":"https:\/\/hamburg-open.com\/wp-content\/uploads\/2025\/05\/ASC_0522-copy.jpg"},{"@type":"BreadcrumbList","@id":"https:\/\/hamburg-open.com\/ticket-angebote\/#breadcrumb","itemListElement":[{"@type":"ListItem","position":1,"name":"Startseite","item":"https:\/\/hamburg-open.com\/"},{"@type":"ListItem","position":2,"name":"Ticket-Angebote"}]},{"@type":"WebSite","@id":"https:\/\/hamburg-open.com\/#website","url":"https:\/\/hamburg-open.com\/","name":"MSC Hamburg Ladies Open WTA250","description":"MSC Explora Journeys","publisher":{"@id":"https:\/\/hamburg-open.com\/#organization"},"potentialAction":[{"@type":"SearchAction","target":{"@type":"EntryPoint","urlTemplate":"https:\/\/hamburg-open.com\/?s={search_term_string}"},"query-input":{"@type":"PropertyValueSpecification","valueRequired":true,"valueName":"search_term_string"}}],"inLanguage":"en-GB"},{"@type":"Organization","@id":"https:\/\/hamburg-open.com\/#organization","name":"MSC Hamburg Ladies Open WTA250","url":"https:\/\/hamburg-open.com\/","logo":{"@type":"ImageObject","inLanguage":"en-GB","@id":"https:\/\/hamburg-open.com\/#\/schema\/logo\/image\/","url":"https:\/\/hamburg-open.com\/wp-content\/uploads\/2025\/03\/MSC-Hamburg-Ladies-Open.svg","contentUrl":"https:\/\/hamburg-open.com\/wp-content\/uploads\/2025\/03\/MSC-Hamburg-Ladies-Open.svg","width":390,"height":170,"caption":"MSC Hamburg Ladies Open WTA250"},"image":{"@id":"https:\/\/hamburg-open.com\/#\/schema\/logo\/image\/"},"sameAs":["https:\/\/www.facebook.com\/HamburgOpen\/","https:\/\/x.com\/hamburgopen","https:\/\/www.instagram.com\/hamburgopen\/","https:\/\/www.youtube.com\/channel\/UC4rv1XVrR_TE7A8uMdGDxFQ","https:\/\/www.linkedin.com\/showcase\/hamburg-european-open"]}]}},"_links":{"self":[{"href":"https:\/\/hamburg-open.com\/en\/wp-json\/wp\/v2\/pages\/2327","targetHints":{"allow":["GET"]}}],"collection":[{"href":"https:\/\/hamburg-open.com\/en\/wp-json\/wp\/v2\/pages"}],"about":[{"href":"https:\/\/hamburg-open.com\/en\/wp-json\/wp\/v2\/types\/page"}],"author":[{"embeddable":true,"href":"https:\/\/hamburg-open.com\/en\/wp-json\/wp\/v2\/users\/4"}],"replies":[{"embeddable":true,"href":"https:\/\/hamburg-open.com\/en\/wp-json\/wp\/v2\/comments?post=2327"}],"version-history":[{"count":10,"href":"https:\/\/hamburg-open.com\/en\/wp-json\/wp\/v2\/pages\/2327\/revisions"}],"predecessor-version":[{"id":2351,"href":"https:\/\/hamburg-open.com\/en\/wp-json\/wp\/v2\/pages\/2327\/revisions\/2351"}],"wp:attachment":[{"href":"https:\/\/hamburg-open.com\/en\/wp-json\/wp\/v2\/media?parent=2327"}],"curies":[{"name":"wp","href":"https:\/\/api.w.org\/{rel}","templated":true}]}}