{"id":1504,"date":"2025-04-02T12:44:45","date_gmt":"2025-04-02T10:44:45","guid":{"rendered":"https:\/\/hamburg-open.com\/?page_id=1504"},"modified":"2025-09-23T17:37:18","modified_gmt":"2025-09-23T15:37:18","slug":"impressum","status":"publish","type":"page","link":"https:\/\/hamburg-open.com\/en\/impressum\/","title":{"rendered":"Imprint"},"content":{"rendered":"<div data-elementor-type=\"wp-page\" data-elementor-id=\"1504\" class=\"elementor elementor-1504\" data-elementor-post-type=\"page\">\n\t\t\t\t<div class=\"elementor-element elementor-element-b9f1eed e-flex e-con-boxed e-con e-parent\" data-id=\"b9f1eed\" data-element_type=\"container\">\n\t\t\t\t\t<div class=\"e-con-inner\">\n\t\t<div class=\"elementor-element elementor-element-8c98801 e-con-full e-flex e-con e-child\" data-id=\"8c98801\" data-element_type=\"container\">\n\t\t\t\t<div class=\"elementor-element elementor-element-67e9a6a elementor-invisible elementor-widget elementor-widget-heading\" data-id=\"67e9a6a\" data-element_type=\"widget\" data-settings=\"{&quot;_animation&quot;:&quot;fadeInUp&quot;}\" data-widget_type=\"heading.default\">\n\t\t\t\t<div class=\"elementor-widget-container\">\n\t\t\t\t\t<h2 class=\"elementor-heading-title elementor-size-default\">Imprint<\/h2>\t\t\t\t<\/div>\n\t\t\t\t<\/div>\n\t\t<div class=\"elementor-element elementor-element-51ad7b3 e-con-full e-flex e-con e-child\" data-id=\"51ad7b3\" data-element_type=\"container\">\n\t\t\t\t<div class=\"elementor-element elementor-element-b011054 elementor-widget elementor-widget-text-editor\" data-id=\"b011054\" data-element_type=\"widget\" data-widget_type=\"text-editor.default\">\n\t\t\t\t<div class=\"elementor-widget-container\">\n\t\t\t\t\t\t\t\t\t<div class=\"et_pb_row et_pb_row_3 et_pb_row_4col\"><div class=\"et_pb_column et_pb_column_1_4 et_pb_column_6 et_pb_css_mix_blend_mode_passthrough\"><div class=\"et_pb_module et_pb_text et_pb_text_3 et_pb_text_align_left et_pb_bg_layout_light\"><div class=\"et_pb_text_inner\"><h5><span class=\"\" data-color-group=\"turquoise\">COMPANY INFORMATION<\/span><\/h5><\/div><\/div><\/div><\/div><div class=\"et_pb_row et_pb_row_4 et_pb_row_4col\"><div class=\"et_pb_column et_pb_column_1_4 et_pb_column_10 et_pb_css_mix_blend_mode_passthrough\"><p class=\"et_pb_module et_pb_text et_pb_text_4 et_pb_text_align_left et_pb_bg_layout_light\"><strong>MatchMaker Sports GmbH<\/strong><br \/>Hallerstrasse 89<br \/>20149 Hamburg<br \/>Germany<\/p><p><strong>E-Mail<\/strong><br \/><a href=\"mailto:office@hamburg-open.com\">office@hamburg-open.com<\/a><\/p><\/div><div class=\"et_pb_column et_pb_column_1_4 et_pb_column_11 et_pb_css_mix_blend_mode_passthrough\"><div class=\"et_pb_module et_pb_text et_pb_text_5 et_pb_text_align_left et_pb_bg_layout_light\"><p class=\"et_pb_text_inner\"><strong>VAT number:<\/strong><br \/>DE322720516<\/p><p><strong>HRB<\/strong><br \/>155451<\/p><\/div><\/div><\/div>\t\t\t\t\t\t\t\t<\/div>\n\t\t\t\t<\/div>\n\t\t\t\t<\/div>\n\t\t<div class=\"elementor-element elementor-element-f6a7542 e-con-full e-flex e-con e-child\" data-id=\"f6a7542\" data-element_type=\"container\">\n\t\t\t\t<div class=\"elementor-element elementor-element-a17fbe0 elementor-widget elementor-widget-text-editor\" data-id=\"a17fbe0\" data-element_type=\"widget\" data-widget_type=\"text-editor.default\">\n\t\t\t\t<div class=\"elementor-widget-container\">\n\t\t\t\t\t\t\t\t\t<div class=\"et_pb_row et_pb_row_3 et_pb_row_4col\"><div class=\"et_pb_column et_pb_column_1_4 et_pb_column_6 et_pb_css_mix_blend_mode_passthrough\"><div class=\"et_pb_module et_pb_text et_pb_text_3 et_pb_text_align_left et_pb_bg_layout_light\"><div class=\"et_pb_text_inner\"><div class=\"et_pb_row et_pb_row_6\"><div class=\"et_pb_column et_pb_column_4_4 et_pb_column_14 et_pb_css_mix_blend_mode_passthrough et-last-child\"><div class=\"et_pb_module et_pb_text et_pb_text_6 et_pb_text_align_left et_pb_bg_layout_light\"><div class=\"et_pb_text_inner\"><h4><strong>Liability<\/strong><\/h4><p>The authors of this website endeavour to present the information provided here completely and correctly to the best of their knowledge and belief and to keep it up to date. Nevertheless, they cannot accept any liability for damage that may result from the use of the information provided - even if this is due to the use of incomplete or incorrect information.<\/p><p>References to external websites are outside the area of responsibility of the authors. Liability for the content of linked pages is excluded, especially as the authors have no influence on the content or design of linked pages. The providers of these external websites are therefore solely liable for the content of pages linked to from this website - but never those who refer to external publications and content via a link. If linked pages contain illegal, erroneous, incomplete, offensive or immoral information (in particular due to changes to the content after the link has been created) and if the authors of this site are made aware of such content on linked pages, they will immediately prevent a link to such pages.<\/p><\/div><\/div><\/div><\/div><div class=\"et_pb_row et_pb_row_7\"><div class=\"et_pb_column et_pb_column_4_4 et_pb_column_15 et_pb_css_mix_blend_mode_passthrough et-last-child\"><div class=\"et_pb_module et_pb_text et_pb_text_7 et_pb_text_align_left et_pb_bg_layout_light\"><div class=\"et_pb_text_inner\"><div class=\"hr av-myjbl-8ca4383f2810767c381ab3292180647c hr-invisible  avia-builder-el-10  el_before_av_hr  avia-builder-el-first\">\u00a0<\/div><h4><strong>Copyright<\/strong><\/h4><p>The contents (texts and images) of these pages created by the authors themselves are protected by copyright. The information is intended for personal use only. Any use of the contents of these web pages contrary to the provisions of copyright law - in particular further use such as publication, reproduction and any form of commercial use as well as disclosure to third parties - even in part or in revised form - without the express consent of the authors is prohibited;<\/p><\/div><\/div><\/div><\/div><div class=\"et_pb_row et_pb_row_8\"><div class=\"et_pb_column et_pb_column_4_4 et_pb_column_16 et_pb_css_mix_blend_mode_passthrough et-last-child\"><div class=\"et_pb_module et_pb_text et_pb_text_8 et_pb_text_align_left et_pb_bg_layout_light\"><div class=\"et_pb_text_inner\"><div class=\"hr av-foxvt-b6213fd0838bf767ddd051ecc6c11b88 hr-invisible  avia-builder-el-11  el_after_av_hr  el_before_av_hr\">\u00a0<\/div><h4><strong>Information content<\/strong><\/h4><p>The information on this website may be changed, removed or supplemented without prior notice. The authors therefore cannot guarantee the correctness, completeness, quality or topicality of the information provided.<\/p><\/div><\/div><div class=\"et_pb_module et_pb_text et_pb_text_9 et_pb_text_align_left et_pb_bg_layout_light\"><div class=\"et_pb_text_inner\"><div class=\"hr av-6kikx-606e6f2fd83fbd653bd99a8573333b30 hr-invisible  avia-builder-el-12  el_after_av_hr  avia-builder-el-last\">\u00a0<\/div><h4><strong>Privacy policy<\/strong><\/h4><p>The protection of your personal data is of particular concern to us. We therefore process your data exclusively on the basis of the statutory provisions (GDPR, TKG 2003). In this data protection information, we inform you about the most important aspects of data processing on our website.<\/p><h6><strong>General recording of accesses<\/strong><\/h6><p>We collect a range of general data and information each time the website is accessed by a data subject or an automated system. This general data and information is stored in the server log files. The following can be recorded:<\/p><p>an Internet Protocol address (IP address),<\/p><p>the date and time of access to the website,<\/p><p>the exact subpage that was accessed on our website,<\/p><p>the website from which you accessed our website (so-called referrer),<\/p><p>the browser used and its version<\/p><p>and the operating system used for access.<\/p><p>We process the aforementioned data for the following purposes:<\/p><p>to ensure a smooth connection to the website,<\/p><p>to optimise the content of our website for you<\/p><p>and to ensure system security and stability.<\/p><p>These points are in your and our legitimate interest. In addition, we may also use this data to fulfil our legal obligations in cooperation with law enforcement authorities. Under no circumstances do we use the data collected for the purpose of drawing conclusions about your person. These log files are stored for a maximum of two months.<\/p><h6><strong>Your rights<\/strong><\/h6><p>In principle, you have the rights to information, correction, deletion, restriction, data portability, cancellation and objection. If you believe that the processing of your data violates data protection law or your data protection rights have been violated in any other way, you can lodge a complaint with the supervisory authority.<\/p><h6><strong>Contact person<\/strong><\/h6><p>Please address all enquiries, explanations and queries regarding the use of data to\u00a0<a href=\"mailto:office@hamburg-open.com\">office@hamburg-open.com<\/a>.<\/p><\/div><\/div><\/div><\/div><\/div><\/div><\/div><\/div>\t\t\t\t\t\t\t\t<\/div>\n\t\t\t\t<\/div>\n\t\t\t\t<\/div>\n\t\t\t\t<\/div>\n\t\t\t\t\t<\/div>\n\t\t\t\t<\/div>\n\t\t\t\t<\/div>","protected":false},"excerpt":{"rendered":"<p>Impressum FIRMENANGABEN MatchMaker Sports GmbHHallerstra\u00dfe 8920149 HamburgDeutschland E-Mailoffice@hamburg-open.com UID-Nummer:DE322720516 HRB155451 Haftung Die Autor*innen dieser Webseiten sind bestrebt, die hier angebotenen Informationen nach bestem Wissen und Gewissen vollst\u00e4ndig und richtig darzustellen und aktuell zu halten. Dennoch k\u00f6nnen sie keinerlei Haftung f\u00fcr Sch\u00e4den \u00fcbernehmen, die sich aus der Nutzung der angebotenen Informationen ergeben k\u00f6nnen \u2013 auch wenn [&hellip;]<\/p>","protected":false},"author":2,"featured_media":0,"parent":0,"menu_order":0,"comment_status":"closed","ping_status":"closed","template":"elementor_header_footer","meta":{"footnotes":""},"class_list":["post-1504","page","type-page","status-publish","hentry"],"yoast_head":"<!-- This site is optimized with the Yoast SEO plugin v26.4 - https:\/\/yoast.com\/wordpress\/plugins\/seo\/ -->\n<title>Impressum - MSC Hamburg Ladies Open WTA250<\/title>\n<meta name=\"robots\" content=\"index, follow, max-snippet:-1, max-image-preview:large, max-video-preview:-1\" \/>\n<link rel=\"canonical\" href=\"https:\/\/hamburg-open.com\/en\/impressum\/\" \/>\n<meta property=\"og:locale\" content=\"en_GB\" \/>\n<meta property=\"og:type\" content=\"article\" \/>\n<meta property=\"og:title\" content=\"Impressum - MSC Hamburg Ladies Open WTA250\" \/>\n<meta property=\"og:description\" content=\"Impressum FIRMENANGABEN MatchMaker Sports GmbHHallerstra\u00dfe 8920149 HamburgDeutschland E-Mailoffice@hamburg-open.com UID-Nummer:DE322720516 HRB155451 Haftung Die Autor*innen dieser Webseiten sind bestrebt, die hier angebotenen Informationen nach bestem Wissen und Gewissen vollst\u00e4ndig und richtig darzustellen und aktuell zu halten. Dennoch k\u00f6nnen sie keinerlei Haftung f\u00fcr Sch\u00e4den \u00fcbernehmen, die sich aus der Nutzung der angebotenen Informationen ergeben k\u00f6nnen \u2013 auch wenn [&hellip;]\" \/>\n<meta property=\"og:url\" content=\"https:\/\/hamburg-open.com\/en\/impressum\/\" \/>\n<meta property=\"og:site_name\" content=\"MSC Hamburg Ladies Open WTA250\" \/>\n<meta property=\"article:publisher\" content=\"https:\/\/www.facebook.com\/HamburgOpen\/\" \/>\n<meta property=\"article:modified_time\" content=\"2025-09-23T15:37:18+00:00\" \/>\n<meta name=\"twitter:card\" content=\"summary_large_image\" \/>\n<meta name=\"twitter:site\" content=\"@hamburgopen\" \/>\n<meta name=\"twitter:label1\" content=\"Estimated reading time\" \/>\n\t<meta name=\"twitter:data1\" content=\"4 minutes\" \/>\n<script type=\"application\/ld+json\" class=\"yoast-schema-graph\">{\"@context\":\"https:\/\/schema.org\",\"@graph\":[{\"@type\":\"WebPage\",\"@id\":\"https:\/\/hamburg-open.com\/impressum\/\",\"url\":\"https:\/\/hamburg-open.com\/impressum\/\",\"name\":\"Impressum - MSC Hamburg Ladies Open WTA250\",\"isPartOf\":{\"@id\":\"https:\/\/hamburg-open.com\/#website\"},\"datePublished\":\"2025-04-02T10:44:45+00:00\",\"dateModified\":\"2025-09-23T15:37:18+00:00\",\"breadcrumb\":{\"@id\":\"https:\/\/hamburg-open.com\/impressum\/#breadcrumb\"},\"inLanguage\":\"en-GB\",\"potentialAction\":[{\"@type\":\"ReadAction\",\"target\":[\"https:\/\/hamburg-open.com\/impressum\/\"]}]},{\"@type\":\"BreadcrumbList\",\"@id\":\"https:\/\/hamburg-open.com\/impressum\/#breadcrumb\",\"itemListElement\":[{\"@type\":\"ListItem\",\"position\":1,\"name\":\"Startseite\",\"item\":\"https:\/\/hamburg-open.com\/\"},{\"@type\":\"ListItem\",\"position\":2,\"name\":\"Impressum\"}]},{\"@type\":\"WebSite\",\"@id\":\"https:\/\/hamburg-open.com\/#website\",\"url\":\"https:\/\/hamburg-open.com\/\",\"name\":\"MSC Hamburg Ladies Open WTA250\",\"description\":\"MSC Explora Journeys\",\"publisher\":{\"@id\":\"https:\/\/hamburg-open.com\/#organization\"},\"potentialAction\":[{\"@type\":\"SearchAction\",\"target\":{\"@type\":\"EntryPoint\",\"urlTemplate\":\"https:\/\/hamburg-open.com\/?s={search_term_string}\"},\"query-input\":{\"@type\":\"PropertyValueSpecification\",\"valueRequired\":true,\"valueName\":\"search_term_string\"}}],\"inLanguage\":\"en-GB\"},{\"@type\":\"Organization\",\"@id\":\"https:\/\/hamburg-open.com\/#organization\",\"name\":\"MSC Hamburg Ladies Open WTA250\",\"url\":\"https:\/\/hamburg-open.com\/\",\"logo\":{\"@type\":\"ImageObject\",\"inLanguage\":\"en-GB\",\"@id\":\"https:\/\/hamburg-open.com\/#\/schema\/logo\/image\/\",\"url\":\"https:\/\/hamburg-open.com\/wp-content\/uploads\/2025\/03\/MSC-Hamburg-Ladies-Open.svg\",\"contentUrl\":\"https:\/\/hamburg-open.com\/wp-content\/uploads\/2025\/03\/MSC-Hamburg-Ladies-Open.svg\",\"width\":390,\"height\":170,\"caption\":\"MSC Hamburg Ladies Open WTA250\"},\"image\":{\"@id\":\"https:\/\/hamburg-open.com\/#\/schema\/logo\/image\/\"},\"sameAs\":[\"https:\/\/www.facebook.com\/HamburgOpen\/\",\"https:\/\/x.com\/hamburgopen\",\"https:\/\/www.instagram.com\/hamburgopen\/\",\"https:\/\/www.youtube.com\/channel\/UC4rv1XVrR_TE7A8uMdGDxFQ\",\"https:\/\/www.linkedin.com\/showcase\/hamburg-european-open\"]}]}<\/script>\n<!-- \/ Yoast SEO plugin. -->","yoast_head_json":{"title":"Impressum - MSC Hamburg Ladies Open WTA250","robots":{"index":"index","follow":"follow","max-snippet":"max-snippet:-1","max-image-preview":"max-image-preview:large","max-video-preview":"max-video-preview:-1"},"canonical":"https:\/\/hamburg-open.com\/en\/impressum\/","og_locale":"en_GB","og_type":"article","og_title":"Impressum - MSC Hamburg Ladies Open WTA250","og_description":"Impressum FIRMENANGABEN MatchMaker Sports GmbHHallerstra\u00dfe 8920149 HamburgDeutschland E-Mailoffice@hamburg-open.com UID-Nummer:DE322720516 HRB155451 Haftung Die Autor*innen dieser Webseiten sind bestrebt, die hier angebotenen Informationen nach bestem Wissen und Gewissen vollst\u00e4ndig und richtig darzustellen und aktuell zu halten. Dennoch k\u00f6nnen sie keinerlei Haftung f\u00fcr Sch\u00e4den \u00fcbernehmen, die sich aus der Nutzung der angebotenen Informationen ergeben k\u00f6nnen \u2013 auch wenn [&hellip;]","og_url":"https:\/\/hamburg-open.com\/en\/impressum\/","og_site_name":"MSC Hamburg Ladies Open WTA250","article_publisher":"https:\/\/www.facebook.com\/HamburgOpen\/","article_modified_time":"2025-09-23T15:37:18+00:00","twitter_card":"summary_large_image","twitter_site":"@hamburgopen","twitter_misc":{"Estimated reading time":"4 minutes"},"schema":{"@context":"https:\/\/schema.org","@graph":[{"@type":"WebPage","@id":"https:\/\/hamburg-open.com\/impressum\/","url":"https:\/\/hamburg-open.com\/impressum\/","name":"Impressum - MSC Hamburg Ladies Open WTA250","isPartOf":{"@id":"https:\/\/hamburg-open.com\/#website"},"datePublished":"2025-04-02T10:44:45+00:00","dateModified":"2025-09-23T15:37:18+00:00","breadcrumb":{"@id":"https:\/\/hamburg-open.com\/impressum\/#breadcrumb"},"inLanguage":"en-GB","potentialAction":[{"@type":"ReadAction","target":["https:\/\/hamburg-open.com\/impressum\/"]}]},{"@type":"BreadcrumbList","@id":"https:\/\/hamburg-open.com\/impressum\/#breadcrumb","itemListElement":[{"@type":"ListItem","position":1,"name":"Startseite","item":"https:\/\/hamburg-open.com\/"},{"@type":"ListItem","position":2,"name":"Impressum"}]},{"@type":"WebSite","@id":"https:\/\/hamburg-open.com\/#website","url":"https:\/\/hamburg-open.com\/","name":"MSC Hamburg Ladies Open WTA250","description":"MSC Explora Journeys","publisher":{"@id":"https:\/\/hamburg-open.com\/#organization"},"potentialAction":[{"@type":"SearchAction","target":{"@type":"EntryPoint","urlTemplate":"https:\/\/hamburg-open.com\/?s={search_term_string}"},"query-input":{"@type":"PropertyValueSpecification","valueRequired":true,"valueName":"search_term_string"}}],"inLanguage":"en-GB"},{"@type":"Organization","@id":"https:\/\/hamburg-open.com\/#organization","name":"MSC Hamburg Ladies Open WTA250","url":"https:\/\/hamburg-open.com\/","logo":{"@type":"ImageObject","inLanguage":"en-GB","@id":"https:\/\/hamburg-open.com\/#\/schema\/logo\/image\/","url":"https:\/\/hamburg-open.com\/wp-content\/uploads\/2025\/03\/MSC-Hamburg-Ladies-Open.svg","contentUrl":"https:\/\/hamburg-open.com\/wp-content\/uploads\/2025\/03\/MSC-Hamburg-Ladies-Open.svg","width":390,"height":170,"caption":"MSC Hamburg Ladies Open WTA250"},"image":{"@id":"https:\/\/hamburg-open.com\/#\/schema\/logo\/image\/"},"sameAs":["https:\/\/www.facebook.com\/HamburgOpen\/","https:\/\/x.com\/hamburgopen","https:\/\/www.instagram.com\/hamburgopen\/","https:\/\/www.youtube.com\/channel\/UC4rv1XVrR_TE7A8uMdGDxFQ","https:\/\/www.linkedin.com\/showcase\/hamburg-european-open"]}]}},"_links":{"self":[{"href":"https:\/\/hamburg-open.com\/en\/wp-json\/wp\/v2\/pages\/1504","targetHints":{"allow":["GET"]}}],"collection":[{"href":"https:\/\/hamburg-open.com\/en\/wp-json\/wp\/v2\/pages"}],"about":[{"href":"https:\/\/hamburg-open.com\/en\/wp-json\/wp\/v2\/types\/page"}],"author":[{"embeddable":true,"href":"https:\/\/hamburg-open.com\/en\/wp-json\/wp\/v2\/users\/2"}],"replies":[{"embeddable":true,"href":"https:\/\/hamburg-open.com\/en\/wp-json\/wp\/v2\/comments?post=1504"}],"version-history":[{"count":10,"href":"https:\/\/hamburg-open.com\/en\/wp-json\/wp\/v2\/pages\/1504\/revisions"}],"predecessor-version":[{"id":4526,"href":"https:\/\/hamburg-open.com\/en\/wp-json\/wp\/v2\/pages\/1504\/revisions\/4526"}],"wp:attachment":[{"href":"https:\/\/hamburg-open.com\/en\/wp-json\/wp\/v2\/media?parent=1504"}],"curies":[{"name":"wp","href":"https:\/\/api.w.org\/{rel}","templated":true}]}}